{"id":50,"date":"2017-03-28T16:32:53","date_gmt":"2017-03-28T16:32:53","guid":{"rendered":"http:\/\/escoladangles.com\/?page_id=50"},"modified":"2023-07-03T10:38:54","modified_gmt":"2023-07-03T10:38:54","slug":"que-mes-oferim-no-tho-perdis","status":"publish","type":"page","link":"https:\/\/escoladangles.com\/?page_id=50","title":{"rendered":"Qu\u00e8 m\u00e9s oferim?"},"content":{"rendered":"<ul>\n<li>\n<h2 lang=\"ca-ES\" align=\"justify\"><span style=\"font-family: Arial, serif;\"><b>Serveis gratu\u00efts per als nostres alumnes. Activitats fora de l\u2019horari lectiu.<\/b><\/span><\/h2>\n<\/li>\n<\/ul>\n<ul>\n<li>Intranet on els alumnes poden trobar els Lesson Plans, material auxil.liar, deures, informes de notes, etc<\/li>\n<li>\n<p lang=\"ca-ES\" align=\"justify\"><span style=\"font-family: Arial, serif;\">Multim\u00e8dia<\/span><\/p>\n<\/li>\n<li>\n<p lang=\"ca-ES\" align=\"justify\"><span style=\"font-family: Arial, serif;\">Videoteca<\/span><\/p>\n<\/li>\n<li>\n<p lang=\"ca-ES\" align=\"justify\"><span style=\"font-family: Arial, serif;\">Biblioteca<\/span><\/p>\n<\/li>\n<li>\n<p lang=\"ca-ES\" align=\"justify\"><span style=\"font-family: Arial, serif;\">Pr\u00e0ctiques orals en grups molt redu\u00efts (m\u00e0xim 4 alumnes per sessi\u00f3)<\/span><\/p>\n<\/li>\n<li>\n<p lang=\"ca-ES\" align=\"justify\"><span style=\"font-family: Arial, serif;\">Tutories individuals per a repassar continguts, aclarir dubtes, etc.<\/span><\/p>\n<\/li>\n<li>\n<p lang=\"ca-ES\" align=\"justify\"><span style=\"font-family: Arial, serif;\">Preparaci\u00f3 per al ex\u00e0mens oficials de la Universitat de Cambridge: Young Learners, KEY (A2), Preliminary (B1), First (B2), Advanced (C1) &amp; Proficiency (C2)<\/span><\/p>\n<\/li>\n<li>\n<p lang=\"ca-ES\" align=\"justify\"><span style=\"font-family: Arial, serif;\">Sessions de Pre-testing dels ex\u00e0mens de la Universitat de Cambridge<\/span><\/p>\n<\/li>\n<li>\n<p lang=\"ca-ES\" align=\"justify\"><span style=\"font-family: Arial, serif;\">Assessorament per a viatges d\u2019estudi a l\u2019estranger: <a href=\"http:\/\/www.turas.cat\/\">www.turas.cat<\/a><\/span><\/p>\n<\/li>\n<li>\n<p lang=\"ca-ES\" align=\"justify\"><span style=\"font-family: Arial, serif;\">Sessions de T\u00e0ndems\u00a0<\/span><\/p>\n<\/li>\n<\/ul>\n<p lang=\"ca-ES\" align=\"justify\"><img loading=\"lazy\" class=\"alignnone wp-image-32\" src=\"http:\/\/escoladangles.com\/wp-content\/uploads\/2017\/03\/Tandems-1-300x136.jpg\" alt=\"\" width=\"388\" height=\"176\" srcset=\"https:\/\/escoladangles.com\/wp-content\/uploads\/2017\/03\/Tandems-1-300x136.jpg 300w, https:\/\/escoladangles.com\/wp-content\/uploads\/2017\/03\/Tandems-1-768x348.jpg 768w, https:\/\/escoladangles.com\/wp-content\/uploads\/2017\/03\/Tandems-1.jpg 1024w, https:\/\/escoladangles.com\/wp-content\/uploads\/2017\/03\/Tandems-1-360x163.jpg 360w\" sizes=\"(max-width: 388px) 100vw, 388px\" \/><\/p>\n<ul>\n<li>\n<h2 lang=\"ca-ES\" align=\"justify\"><span style=\"font-family: Arial, serif;\"><b>Altres activitats.<\/b><\/span><\/h2>\n<\/li>\n<\/ul>\n<ul>\n<li>\n<p lang=\"ca-ES\" align=\"justify\"><span style=\"font-family: Arial, serif;\">Contes i tallers de manualitats en angl\u00e8s per Halloween.<\/span><\/p>\n<\/li>\n<li>\n<p lang=\"ca-ES\" align=\"justify\"><span style=\"font-family: Arial, serif;\">Contes i tallers de manualitats en angl\u00e8s per Nadal.<\/span><\/p>\n<\/li>\n<li><span style=\"font-family: Arial, serif;\">Contes i tallers de manualitats en angl\u00e8s per Setmana Santa.<\/span><\/li>\n<li>\n<p lang=\"ca-ES\" align=\"justify\"><span style=\"font-family: Arial, serif;\">Sopar amb el alumnes durant el primer trimestre del curs.<\/span><\/p>\n<\/li>\n<li>\n<p lang=\"ca-ES\" align=\"justify\"><span style=\"font-family: Arial, serif;\">Jocs Florals per Sant Jordi.\u00a0<\/span><\/p>\n<\/li>\n<li>\n<p lang=\"ca-ES\" align=\"justify\"><span style=\"font-family: Arial, serif;\">Coffee and Talk.\u00a0<\/span><\/p>\n<\/li>\n<li>\n<p lang=\"ca-ES\" align=\"justify\"><span style=\"font-family: Arial, serif;\">Setmanes de Projectes a nivell d\u2019Escola.<\/span><\/p>\n<\/li>\n<li><span style=\"font-family: Arial, serif;\">Butllet\u00ed trimestral amb totes les novetats i activitats extres programades.<\/span><\/li>\n<\/ul>\n<p lang=\"ca-ES\" align=\"justify\"><img loading=\"lazy\" class=\"alignnone size-full wp-image-31\" src=\"http:\/\/escoladangles.com\/wp-content\/uploads\/2017\/03\/Manualitats-Sant-Jordi.jpg\" alt=\"\" width=\"150\" height=\"137\" \/><\/p>\n<p lang=\"ca-ES\" align=\"justify\"><img loading=\"lazy\" class=\"alignnone wp-image-15\" src=\"http:\/\/escoladangles.com\/wp-content\/uploads\/2017\/03\/Manualitats-Halloween-300x200.jpg\" alt=\"\" width=\"242\" height=\"161\" srcset=\"https:\/\/escoladangles.com\/wp-content\/uploads\/2017\/03\/Manualitats-Halloween-300x200.jpg 300w, https:\/\/escoladangles.com\/wp-content\/uploads\/2017\/03\/Manualitats-Halloween-360x240.jpg 360w, https:\/\/escoladangles.com\/wp-content\/uploads\/2017\/03\/Manualitats-Halloween.jpg 600w\" sizes=\"(max-width: 242px) 100vw, 242px\" \/><\/p>\n<p lang=\"ca-ES\" align=\"justify\"><img loading=\"lazy\" class=\"alignnone wp-image-23\" src=\"http:\/\/escoladangles.com\/wp-content\/uploads\/2017\/03\/Walk-Talk-300x199.jpg\" alt=\"\" width=\"243\" height=\"161\" srcset=\"https:\/\/escoladangles.com\/wp-content\/uploads\/2017\/03\/Walk-Talk-300x199.jpg 300w, https:\/\/escoladangles.com\/wp-content\/uploads\/2017\/03\/Walk-Talk-768x509.jpg 768w, https:\/\/escoladangles.com\/wp-content\/uploads\/2017\/03\/Walk-Talk.jpg 1024w, https:\/\/escoladangles.com\/wp-content\/uploads\/2017\/03\/Walk-Talk-360x238.jpg 360w\" sizes=\"(max-width: 243px) 100vw, 243px\" \/><\/p>\n<p lang=\"ca-ES\" align=\"justify\"><span style=\"color: #ff0000;\"><span style=\"font-family: Arial, serif;\"><b><img loading=\"lazy\" class=\"alignnone wp-image-29\" src=\"http:\/\/escoladangles.com\/wp-content\/uploads\/2017\/03\/Festa-final-de-curs-300x220.jpg\" alt=\"\" width=\"228\" height=\"167\" srcset=\"https:\/\/escoladangles.com\/wp-content\/uploads\/2017\/03\/Festa-final-de-curs-300x220.jpg 300w, https:\/\/escoladangles.com\/wp-content\/uploads\/2017\/03\/Festa-final-de-curs-768x563.jpg 768w, https:\/\/escoladangles.com\/wp-content\/uploads\/2017\/03\/Festa-final-de-curs.jpg 1024w, https:\/\/escoladangles.com\/wp-content\/uploads\/2017\/03\/Festa-final-de-curs-360x264.jpg 360w\" sizes=\"(max-width: 228px) 100vw, 228px\" \/><\/b><\/span><\/span><\/p>\n<ul>\n<li>\n<h2><span style=\"font-family: Arial, serif;\"><b>I a m\u00e9s a m\u00e9s;<\/b><\/span><\/h2>\n<\/li>\n<\/ul>\n<p><span style=\"font-family: Arial, serif;\"> l\u2019Escola d\u2019Angl\u00e8s col\u00b7labora amb certa freq\u00fc\u00e8ncia amb la Biblioteca Ca l\u2019Oliveres. Durant anys hem explicat un conte trimestral i actualment hi estem oferint sessions de T\u00e0ndems.<\/span><\/p>\n<p lang=\"ca-ES\" align=\"justify\"><span style=\"color: #ff0000;\"><span style=\"font-family: Arial, serif;\"><b><img loading=\"lazy\" class=\"wp-image-28 alignleft\" src=\"http:\/\/escoladangles.com\/wp-content\/uploads\/2017\/03\/Conte1-238x300.jpg\" alt=\"\" width=\"188\" height=\"237\" srcset=\"https:\/\/escoladangles.com\/wp-content\/uploads\/2017\/03\/Conte1-238x300.jpg 238w, https:\/\/escoladangles.com\/wp-content\/uploads\/2017\/03\/Conte1-215x270.jpg 215w, https:\/\/escoladangles.com\/wp-content\/uploads\/2017\/03\/Conte1.jpg 364w\" sizes=\"(max-width: 188px) 100vw, 188px\" \/> <img loading=\"lazy\" class=\"wp-image-27 alignleft\" src=\"http:\/\/escoladangles.com\/wp-content\/uploads\/2017\/03\/Conte-4-300x289.jpg\" alt=\"\" width=\"223\" height=\"215\" srcset=\"https:\/\/escoladangles.com\/wp-content\/uploads\/2017\/03\/Conte-4-300x289.jpg 300w, https:\/\/escoladangles.com\/wp-content\/uploads\/2017\/03\/Conte-4-280x270.jpg 280w, https:\/\/escoladangles.com\/wp-content\/uploads\/2017\/03\/Conte-4.jpg 420w\" sizes=\"(max-width: 223px) 100vw, 223px\" \/> <img loading=\"lazy\" class=\"wp-image-25 alignright\" src=\"http:\/\/escoladangles.com\/wp-content\/uploads\/2017\/03\/Conte-2.jpg\" alt=\"\" width=\"188\" height=\"234\" srcset=\"https:\/\/escoladangles.com\/wp-content\/uploads\/2017\/03\/Conte-2.jpg 230w, https:\/\/escoladangles.com\/wp-content\/uploads\/2017\/03\/Conte-2-217x270.jpg 217w\" sizes=\"(max-width: 188px) 100vw, 188px\" \/> <img loading=\"lazy\" class=\"wp-image-26 alignright\" src=\"http:\/\/escoladangles.com\/wp-content\/uploads\/2017\/03\/Conte-3-240x300.jpg\" alt=\"\" width=\"188\" height=\"235\" srcset=\"https:\/\/escoladangles.com\/wp-content\/uploads\/2017\/03\/Conte-3-240x300.jpg 240w, https:\/\/escoladangles.com\/wp-content\/uploads\/2017\/03\/Conte-3-216x270.jpg 216w, https:\/\/escoladangles.com\/wp-content\/uploads\/2017\/03\/Conte-3.jpg 320w\" sizes=\"(max-width: 188px) 100vw, 188px\" \/><\/b><\/span><\/span><\/p>\n","protected":false},"excerpt":{"rendered":"<p>Serveis gratu\u00efts per als nostres alumnes. Activitats fora de l\u2019horari lectiu. Intranet on els alumnes poden trobar els Lesson Plans, material auxil.liar, deures, informes de notes, etc Multim\u00e8dia Videoteca Biblioteca Pr\u00e0ctiques orals en grups molt redu\u00efts (m\u00e0xim 4 alumnes per <a href=\"https:\/\/escoladangles.com\/?page_id=50\" class=\"read-more\">Leer m\u00e1s&#8230;<\/a><\/p>\n","protected":false},"author":1,"featured_media":0,"parent":0,"menu_order":0,"comment_status":"closed","ping_status":"closed","template":"","meta":[],"_links":{"self":[{"href":"https:\/\/escoladangles.com\/index.php?rest_route=\/wp\/v2\/pages\/50"}],"collection":[{"href":"https:\/\/escoladangles.com\/index.php?rest_route=\/wp\/v2\/pages"}],"about":[{"href":"https:\/\/escoladangles.com\/index.php?rest_route=\/wp\/v2\/types\/page"}],"author":[{"embeddable":true,"href":"https:\/\/escoladangles.com\/index.php?rest_route=\/wp\/v2\/users\/1"}],"replies":[{"embeddable":true,"href":"https:\/\/escoladangles.com\/index.php?rest_route=%2Fwp%2Fv2%2Fcomments&post=50"}],"version-history":[{"count":15,"href":"https:\/\/escoladangles.com\/index.php?rest_route=\/wp\/v2\/pages\/50\/revisions"}],"predecessor-version":[{"id":473,"href":"https:\/\/escoladangles.com\/index.php?rest_route=\/wp\/v2\/pages\/50\/revisions\/473"}],"wp:attachment":[{"href":"https:\/\/escoladangles.com\/index.php?rest_route=%2Fwp%2Fv2%2Fmedia&parent=50"}],"curies":[{"name":"wp","href":"https:\/\/api.w.org\/{rel}","templated":true}]}}