{"id":48,"date":"2017-03-28T16:27:03","date_gmt":"2017-03-28T16:27:03","guid":{"rendered":"http:\/\/escoladangles.com\/?page_id=48"},"modified":"2017-04-04T08:32:29","modified_gmt":"2017-04-04T08:32:29","slug":"com-ho-fem-gaudeix-del-teu-aprenentatge","status":"publish","type":"page","link":"https:\/\/escoladangles.com\/?page_id=48","title":{"rendered":"Com ho fem?"},"content":{"rendered":"<p class=\"western\" lang=\"ca-ES\" align=\"justify\"><span style=\"font-family: Arial, serif;\">L\u2019Escola d\u2019Angl\u00e8s se serveix d\u2019una metodologia tradicional amb un suport important de t\u00e8cniques innovadores, perseguint sempre el desenvolupament de les <\/span><span style=\"color: #00b050;\"><span style=\"font-family: Arial, serif;\"><b>destreses comunicatives<\/b><\/span><\/span> <span style=\"font-family: Arial, serif;\">i l\u2019aplicaci\u00f3 pr\u00e0ctica dels continguts treballats (Communicative Approach). <\/span><\/p>\n<p class=\"western\" lang=\"ca-ES\" align=\"justify\"><span style=\"font-family: Arial, serif;\">Dissenyem els nostres propis programes educatius (tenint en compte l\u2019edat dels estudiants) i marquem els objectius funcionals per a cada grup. Aix\u00ed, tot i que utilitzem llibres de text, sempre recorrem a moltes altres t\u00e8cniques, materials i recursos per aconseguir un <\/span><span style=\"color: #00b050;\"><span style=\"font-family: Arial, serif;\"><b>ensenyament de qualitat<\/b><\/span><\/span> <span style=\"font-family: Arial, serif;\">i per poder adaptar-nos en cada moment a les necessitats de cada grup classe i\/o alumne individual. <\/span><\/p>\n<p class=\"western\" lang=\"ca-ES\" align=\"justify\"><span style=\"font-family: Arial, serif;\">Aix\u00ed, per tal de poder atendre aquestes necessitats individuals de cada estudiant, oferim sessions extra de rep\u00e0s i conversa totalment gratu\u00eftes per als nostres alumnes. A m\u00e9s, des dels seus inicis l\u2019Escola d\u2019Angl\u00e8s ha proposat sempre tot un seguit <\/span><span style=\"color: #00b050;\"><span style=\"font-family: Arial, serif;\"><b>d\u2019activitats fora de l\u2019horari de classe<\/b><\/span><\/span> <span style=\"font-family: Arial, serif;\">per incentivar una pr\u00e0ctica m\u00e9s l\u00fadica i natural de l\u2019idioma.<\/span><\/p>\n<p class=\"western\" lang=\"ca-ES\" align=\"justify\"><span style=\"font-family: Arial, serif;\">Els grups s\u00f3n redu\u00efts, amb un m\u00e0xim de 10 alumnes per classe, i es fa un <\/span><span style=\"color: #00b050;\"><span style=\"font-family: Arial, serif;\"><b>seguiment individualitzat<\/b><\/span><\/span> <span style=\"font-family: Arial, serif;\">de cada alumne. Els estudiants es distribueixen en grups en funci\u00f3 de la seva edat (Infants, Nens, Adolescents i Adults) i nivell (des de Beginner fins a Proficiency).<\/span><\/p>\n","protected":false},"excerpt":{"rendered":"<p>L\u2019Escola d\u2019Angl\u00e8s se serveix d\u2019una metodologia tradicional amb un suport important de t\u00e8cniques innovadores, perseguint sempre el desenvolupament de les destreses comunicatives i l\u2019aplicaci\u00f3 pr\u00e0ctica dels continguts treballats (Communicative Approach). Dissenyem els nostres propis programes educatius (tenint en compte l\u2019edat <a href=\"https:\/\/escoladangles.com\/?page_id=48\" class=\"read-more\">Leer m\u00e1s&#8230;<\/a><\/p>\n","protected":false},"author":1,"featured_media":0,"parent":0,"menu_order":0,"comment_status":"closed","ping_status":"closed","template":"","meta":[],"_links":{"self":[{"href":"https:\/\/escoladangles.com\/index.php?rest_route=\/wp\/v2\/pages\/48"}],"collection":[{"href":"https:\/\/escoladangles.com\/index.php?rest_route=\/wp\/v2\/pages"}],"about":[{"href":"https:\/\/escoladangles.com\/index.php?rest_route=\/wp\/v2\/types\/page"}],"author":[{"embeddable":true,"href":"https:\/\/escoladangles.com\/index.php?rest_route=\/wp\/v2\/users\/1"}],"replies":[{"embeddable":true,"href":"https:\/\/escoladangles.com\/index.php?rest_route=%2Fwp%2Fv2%2Fcomments&post=48"}],"version-history":[{"count":2,"href":"https:\/\/escoladangles.com\/index.php?rest_route=\/wp\/v2\/pages\/48\/revisions"}],"predecessor-version":[{"id":119,"href":"https:\/\/escoladangles.com\/index.php?rest_route=\/wp\/v2\/pages\/48\/revisions\/119"}],"wp:attachment":[{"href":"https:\/\/escoladangles.com\/index.php?rest_route=%2Fwp%2Fv2%2Fmedia&parent=48"}],"curies":[{"name":"wp","href":"https:\/\/api.w.org\/{rel}","templated":true}]}}