{"id":42,"date":"2017-03-28T16:26:23","date_gmt":"2017-03-28T16:26:23","guid":{"rendered":"http:\/\/escoladangles.com\/?page_id=42"},"modified":"2017-04-22T10:18:23","modified_gmt":"2017-04-22T10:18:23","slug":"que-fem-enjoy-your-english-learning","status":"publish","type":"page","link":"https:\/\/escoladangles.com\/?page_id=42","title":{"rendered":"Qu\u00e8 fem?"},"content":{"rendered":"<p>&nbsp;<\/p>\n<ul>\n<li>\n<h2 lang=\"ca-ES\" align=\"justify\"><span style=\"font-family: Arial, serif;\"><u><b>Cursos d\u2019angl\u00e8s general:<\/b><\/u><\/span><span style=\"color: #7030a0;\"><span style=\"font-family: Arial, serif;\"><b>\u00a0Apr\u00e8n angl\u00e8s!!<\/b><\/span><\/span><\/h2>\n<\/li>\n<\/ul>\n<p lang=\"ca-ES\" align=\"justify\"><span style=\"font-family: Arial, serif;\">Tots els alumnes han de fer un test per tal de poder-ne establir el nivell i trobar-li aix\u00ed el grup m\u00e9s adient.<\/span><\/p>\n<p lang=\"ca-ES\" align=\"justify\"><span style=\"font-family: Arial, serif;\">Es fa una avaluaci\u00f3 cont\u00ednua amb un <\/span><span style=\"color: #00b050;\"><span style=\"font-family: Arial, serif;\"><b>seguiment individualitzat<\/b><\/span><\/span> <span style=\"font-family: Arial, serif;\">dels progressos de l\u2019alumne i un examen trimestral m\u00e9s complert, posterior al qual es fa un informe de l\u2019evoluci\u00f3 de cada estudiant.<\/span><\/p>\n<ul>\n<li>\n<p lang=\"ca-ES\" align=\"justify\"><span style=\"font-family: Arial, serif;\">Infants<\/span><\/p>\n<\/li>\n<li>\n<p lang=\"ca-ES\" align=\"justify\"><span style=\"font-family: Arial, serif;\">Nens<\/span><\/p>\n<\/li>\n<li>\n<p lang=\"ca-ES\" align=\"justify\"><span style=\"font-family: Arial, serif;\">Adolescents <\/span><\/p>\n<\/li>\n<li>\n<p lang=\"ca-ES\" align=\"justify\"><span style=\"font-family: Arial, serif;\">Adults<\/span><\/p>\n<\/li>\n<\/ul>\n<p class=\"western\" lang=\"ca-ES\" align=\"justify\"><span style=\"font-family: Arial, serif;\"><b>Infants<\/b><\/span><span style=\"font-family: Arial, serif;\">\u2192 Els nens d\u2019educaci\u00f3 infantil fan una hora a la setmana i s\u00f3n un m\u00e0xim de 6 (P-3) a 8 (P-4) alumnes per classe. La programaci\u00f3 es basa en blocs l\u00e8xics i\/o tem\u00e0tics i les classes s\u00f3n molt din\u00e0miques, fent \u00fas de contes, can\u00e7ons, danses, manualitats, jocs col.laboratius, v\u00eddeos, joc interactius, etc. <\/span><span style=\"color: #00b050;\"><span style=\"font-family: Arial, serif;\"><b>El nens aprenen jugant!<\/b><\/span><\/span><\/p>\n<p class=\"western\" lang=\"ca-ES\" align=\"justify\"><span style=\"font-family: Arial, serif;\"><b>Nens<\/b><\/span><span style=\"font-family: Arial, serif;\"> de 5 a 12 anys \u2192Les classes segueixen sent molt din\u00e0miques per\u00f2 a poc a poc es va introduint la lectoescriptura i es comencen a aplicar les noves estructures l\u00e8xic-gramaticals a nivell escrit. Tot i aix\u00ed, sempre posem l\u2019\u00e8mfasi en el desenvolupament de les <\/span><span style=\"color: #00b050;\"><span style=\"font-family: Arial, serif;\"><b>destreses comunicatives<\/b><\/span><\/span> <span style=\"font-family: Arial, serif;\">dels nens i nenes.<\/span><\/p>\n<p class=\"western\" lang=\"ca-ES\" align=\"justify\"><span style=\"font-family: Arial, serif;\"><b>Adolescents<\/b><\/span><span style=\"font-family: Arial, serif;\"> (12 a 16 anys)\u2192 Tot i que seguim un programa gramatical, els objectius de cada curs s\u00f3n de caire funcional, cosa que ens permet centrar-nos especialment en les habilitats comunicatives dels alumnes. A m\u00e9s, en aquestes edats potenciem el treball en grup i la <\/span><span style=\"color: #00b050;\"><span style=\"font-family: Arial, serif;\"><b>personalitzaci\u00f3<\/b><\/span><\/span> <span style=\"font-family: Arial, serif;\">dels continguts del curs.<\/span><\/p>\n<p class=\"western\" lang=\"ca-ES\" align=\"justify\"><span style=\"font-family: Arial, serif;\"><b>Adults<\/b><\/span><span style=\"font-family: Arial, serif;\"> ( a partir de 16 anys) \u2192 Tal i com ja hem comentat en l\u2019apartat dels adolescents, amb els grups d\u2019adults seguim un programa gramatical per\u00f2 marcant uns objectius tamb\u00e9 funcionals, cosa que ens permet centrar-nos especialment en les habilitats comunicatives dels alumnes. A m\u00e9s, en aquests grups posem l\u2019 \u00e8mfasi en la <\/span><span style=\"color: #00b050;\"><span style=\"font-family: Arial, serif;\"><b>simulaci\u00f3 de situacions i converses reals.<\/b><\/span><\/span><\/p>\n<p class=\"western\" lang=\"ca-ES\" align=\"justify\"><img loading=\"lazy\" class=\"alignnone wp-image-86\" src=\"http:\/\/escoladangles.com\/wp-content\/uploads\/2017\/03\/nuevos-maestros-6-rutinas-de-apertura-y-cierre-para-aplicar-en-el-aula-1473862759349-300x147.jpg\" alt=\"\" width=\"337\" height=\"165\" srcset=\"https:\/\/escoladangles.com\/wp-content\/uploads\/2017\/03\/nuevos-maestros-6-rutinas-de-apertura-y-cierre-para-aplicar-en-el-aula-1473862759349-300x147.jpg 300w, https:\/\/escoladangles.com\/wp-content\/uploads\/2017\/03\/nuevos-maestros-6-rutinas-de-apertura-y-cierre-para-aplicar-en-el-aula-1473862759349-360x177.jpg 360w, https:\/\/escoladangles.com\/wp-content\/uploads\/2017\/03\/nuevos-maestros-6-rutinas-de-apertura-y-cierre-para-aplicar-en-el-aula-1473862759349.jpg 712w\" sizes=\"(max-width: 337px) 100vw, 337px\" \/><\/p>\n<ul>\n<li>\n<p lang=\"ca-ES\" align=\"justify\"><span style=\"font-family: Arial, serif;\"><u><b>Curs de manteniment:<\/b><\/u><\/span><b> <\/b><span style=\"color: #7030a0;\"><span style=\"font-family: Arial, serif;\"><b>No perdis el teu nivell!!<\/b><\/span><\/span><\/p>\n<\/li>\n<\/ul>\n<p lang=\"ca-ES\" align=\"justify\"><span style=\"font-family: Arial, serif;\">Curs destinat a persones amb un nivell m\u00ednim de First (B2), que no volen perdre el seu nivell per\u00f2 tampoc poden\/volen fer una gran inversi\u00f3 de temps. Aquests alumnes venen una hora per setmana, durant la qual es treballen especialment les <\/span><span style=\"color: #00b050;\"><span style=\"font-family: Arial, serif;\"><b>habilitats comunicatives orals.<\/b><\/span><\/span><\/p>\n<p class=\"western\" lang=\"ca-ES\" align=\"justify\"><img loading=\"lazy\" class=\"alignnone size-full wp-image-98\" src=\"http:\/\/escoladangles.com\/wp-content\/uploads\/2017\/03\/241px-Comunicaci\u00f3n_interna.jpg\" alt=\"\" width=\"241\" height=\"240\" srcset=\"https:\/\/escoladangles.com\/wp-content\/uploads\/2017\/03\/241px-Comunicaci\u00f3n_interna.jpg 241w, https:\/\/escoladangles.com\/wp-content\/uploads\/2017\/03\/241px-Comunicaci\u00f3n_interna-150x150.jpg 150w\" sizes=\"(max-width: 241px) 100vw, 241px\" \/><\/p>\n<ul>\n<li>\n<h2 lang=\"ca-ES\" align=\"justify\"><span style=\"font-family: Arial, serif;\"><u><b>Cursos de preparaci\u00f3 per ex\u00e0mens oficials:<\/b><\/u><\/span><b> <\/b><span style=\"color: #7030a0;\"><span style=\"font-family: Arial, serif;\"><b>Aconsegueix un t\u00edtol!!<\/b><\/span><\/span><\/h2>\n<\/li>\n<\/ul>\n<p lang=\"ca-ES\" align=\"justify\"><img loading=\"lazy\" class=\"alignnone size-medium wp-image-33\" src=\"http:\/\/escoladangles.com\/wp-content\/uploads\/2017\/03\/CambridgeESOL-300x113.jpg\" alt=\"\" width=\"300\" height=\"113\" srcset=\"https:\/\/escoladangles.com\/wp-content\/uploads\/2017\/03\/CambridgeESOL-300x113.jpg 300w, https:\/\/escoladangles.com\/wp-content\/uploads\/2017\/03\/CambridgeESOL-768x290.jpg 768w, https:\/\/escoladangles.com\/wp-content\/uploads\/2017\/03\/CambridgeESOL-1024x387.jpg 1024w, https:\/\/escoladangles.com\/wp-content\/uploads\/2017\/03\/CambridgeESOL-360x136.jpg 360w\" sizes=\"(max-width: 300px) 100vw, 300px\" \/><\/p>\n<p lang=\"ca-ES\" align=\"justify\"><span style=\"font-family: Arial, serif;\">Young Learners: Ex\u00e0mens de la Universitat de Cambridge per a nens de 7 a 12 anys. L\u2019examen es fa a les nostres instal\u00b7lacions i els nens s\u00f3n examinats per personal qualificat de la Universitat de Cambridge.<\/span><\/p>\n<ul>\n<li>\n<p lang=\"ca-ES\" align=\"justify\"><span style=\"font-family: Arial, serif;\">Starters<\/span><\/p>\n<\/li>\n<li>\n<p lang=\"ca-ES\" align=\"justify\"><span style=\"font-family: Arial, serif;\">Movers (Nivell A1)<\/span><\/p>\n<\/li>\n<li>\n<p lang=\"ca-ES\" align=\"justify\"><span style=\"font-family: Arial, serif;\">Flyers (Nivell A2)<\/span><\/p>\n<\/li>\n<\/ul>\n<p lang=\"ca-ES\" align=\"justify\"><span style=\"font-family: Arial, serif;\">Ex\u00e0mens de la Universitat de Cambridge:<\/span><\/p>\n<ul>\n<li>\n<p lang=\"ca-ES\" align=\"justify\"><span style=\"font-family: Arial, serif;\">Young Learners<\/span><\/p>\n<\/li>\n<li>\n<p lang=\"ca-ES\" align=\"justify\"><span style=\"font-family: Arial, serif;\">KEY English Test (Nivell A2)<\/span><\/p>\n<\/li>\n<li>\n<p lang=\"ca-ES\" align=\"justify\"><span style=\"font-family: Arial, serif;\">Preliminary English Test (Nivell B1)<\/span><\/p>\n<\/li>\n<li>\n<p lang=\"ca-ES\" align=\"justify\"><span style=\"font-family: Arial, serif;\">First Certificate in English (Nivell B2)<\/span><\/p>\n<\/li>\n<li>\n<p lang=\"ca-ES\" align=\"justify\"><span style=\"font-family: Arial, serif;\">Certificate in Advanced English (Nivell C1)<\/span><\/p>\n<\/li>\n<li>\n<p lang=\"ca-ES\" align=\"justify\"><span style=\"font-family: Arial, serif;\">Proficiency in English (Nivell C2)<\/span><\/p>\n<\/li>\n<\/ul>\n<ul>\n<li>\n<p lang=\"ca-ES\" align=\"justify\"><span style=\"font-family: Arial, serif;\">Durant el segon trimestre del curs fem una simulaci\u00f3 de l\u2019examen (tant oral com escrit). <\/span><\/p>\n<\/li>\n<li>\n<p lang=\"ca-ES\" align=\"justify\"><span style=\"font-family: Arial, serif;\">Gestionem la matr\u00edcula de l\u2019alumne.<\/span><\/p>\n<\/li>\n<li>\n<p lang=\"ca-ES\" align=\"justify\"><span style=\"font-family: Arial, serif;\">Durant el curs escolar oferim un curs de preparaci\u00f3 per l\u2019examen als alumnes de l\u2019escola.<\/span><\/p>\n<\/li>\n<li>\n<p lang=\"ca-ES\" align=\"justify\"><span style=\"font-family: Arial, serif;\">Tenim un alt nombre d\u2019aprovats en totes les convocat\u00f2ries.<\/span><\/p>\n<\/li>\n<\/ul>\n<ul>\n<li>\n<h2 lang=\"ca-ES\" align=\"justify\"><span style=\"font-family: Arial, serif;\"><u><b>Cursos i Casals d\u2019estiu:<\/b><\/u><\/span><\/h2>\n<\/li>\n<\/ul>\n<ul>\n<li>\n<h3 lang=\"ca-ES\" align=\"justify\"><span style=\"font-family: Arial, serif;\"><b>Cursos\u00a0: <\/b><\/span><span style=\"color: #7030a0;\"><span style=\"font-family: Arial, serif;\"><b>Aprofita l\u2019estiu!!<\/b><\/span><\/span><\/h3>\n<\/li>\n<\/ul>\n<p lang=\"ca-ES\" align=\"justify\"><span style=\"font-family: Arial, serif;\"><b>Durant el mes de juliol oferim diferents cursos intensius. Tots ells segueixen una metodologia molt <\/b><\/span><span style=\"color: #00b050;\"><span style=\"font-family: Arial, serif;\"><b>din\u00e0mica<\/b><\/span><\/span><span style=\"font-family: Arial, serif;\"><b>!!<\/b><\/span><\/p>\n<ul>\n<li>\n<p lang=\"ca-ES\" align=\"justify\"><span style=\"font-family: Arial, serif;\">Rep\u00e0s general d\u2019angl\u00e8s per a alumnes de Prim\u00e0ria, Secund\u00e0ria i Batxillerat.<\/span><\/p>\n<\/li>\n<li>\n<p lang=\"ca-ES\" align=\"justify\"><span style=\"font-family: Arial, serif;\">Cursos d\u2019angl\u00e8s general. <\/span><\/p>\n<\/li>\n<li>\n<p lang=\"ca-ES\" align=\"justify\"><span style=\"font-family: Arial, serif;\">Cursos de preparaci\u00f3 pel <\/span><span style=\"color: #00b050;\"><span style=\"font-family: Arial, serif;\"><b>First<\/b><\/span><\/span> <span style=\"font-family: Arial, serif;\">i el CAE (<\/span><span style=\"color: #00b050;\"><span style=\"font-family: Arial, serif;\"><b>Advanced<\/b><\/span><\/span><span style=\"font-family: Arial, serif;\">) per tal de poder presentar-se a examen en la convocat\u00f2ria de finals de juliol.<\/span><\/p>\n<\/li>\n<li>\n<p lang=\"ca-ES\" align=\"justify\"><span style=\"font-family: Arial, serif;\">Pr\u00e0ctiques orals.<\/span><\/p>\n<\/li>\n<li>\n<p lang=\"ca-ES\" align=\"justify\"><span style=\"font-family: Arial, serif;\">Curs de redacci\u00f3.<\/span><\/p>\n<\/li>\n<li>\n<p lang=\"ca-ES\" align=\"justify\"><span style=\"font-family: Arial, serif;\">Angl\u00e8s de superviv\u00e8ncia.<\/span><\/p>\n<\/li>\n<\/ul>\n<ul>\n<li>\n<h3 lang=\"ca-ES\" align=\"justify\"><span style=\"font-family: Arial, serif;\"><u><b>Casals d\u2019estiu<\/b><\/u><\/span><span style=\"font-family: Arial, serif;\"><b>: <\/b><\/span><span style=\"color: #7030a0;\"><span style=\"font-family: Arial, serif;\"><b>Gaudeix de l\u2019estiu en angl\u00e8s!!<\/b><\/span><\/span><\/h3>\n<\/li>\n<\/ul>\n<p lang=\"ca-ES\" align=\"justify\"><img loading=\"lazy\" class=\"alignnone wp-image-24\" src=\"http:\/\/escoladangles.com\/wp-content\/uploads\/2017\/03\/Casals-300x210.jpg\" alt=\"\" width=\"371\" height=\"260\" srcset=\"https:\/\/escoladangles.com\/wp-content\/uploads\/2017\/03\/Casals-300x210.jpg 300w, https:\/\/escoladangles.com\/wp-content\/uploads\/2017\/03\/Casals.jpg 360w\" sizes=\"(max-width: 371px) 100vw, 371px\" \/><\/p>\n<ul>\n<li>\n<p lang=\"ca-ES\" align=\"justify\"><span style=\"font-family: Arial, serif;\"><b>Casal per a nens de 4 a 10 anys<\/b><\/span><\/p>\n<\/li>\n<\/ul>\n<ul>\n<li>\n<p lang=\"ca-ES\" align=\"justify\"><span style=\"font-family: Arial, serif;\">Amb l\u2019objectiu d\u2019incentivar un <\/span><span style=\"color: #00b050;\"><span style=\"font-family: Arial, serif;\"><b>aprenentatge l\u00fadic, cooperatiu i divertit <\/b><\/span><\/span><span style=\"font-family: Arial, serif;\">de l\u2019angl\u00e8s.<\/span><\/p>\n<\/li>\n<li>\n<p lang=\"ca-ES\" align=\"justify\"><span style=\"font-family: Arial, serif;\">Organitzat en blocs setmanals que giren al voltant d\u2019un conte (fil conductor de la setmana). Durant tota la setmana es treballen els continguts ling\u00fc\u00edstics del conte a trav\u00e9s de jocs, manualitats, p\u00f2sters, fitxes, can\u00e7ons, programes interactius, etc., per acabar fent una obra de teatre i\/o titelles basada en el conte.<\/span><\/p>\n<\/li>\n<li>\n<p lang=\"ca-ES\" align=\"justify\"><span style=\"color: #00b050;\"><span style=\"font-family: Arial, serif;\"><b>Objectius ling\u00fc\u00edstics individuals<\/b><\/span><\/span> <span style=\"font-family: Arial, serif;\">per cada alumne.<\/span><\/p>\n<\/li>\n<\/ul>\n<ul>\n<li>\n<p lang=\"ca-ES\" align=\"justify\"><span style=\"font-family: Arial, serif;\"><b>Casals per a nens i adolescents de 10 a 15 anys<\/b><\/span><\/p>\n<\/li>\n<\/ul>\n<ul>\n<li>\n<p lang=\"ca-ES\" align=\"justify\"><span style=\"color: #7030a0;\"><span style=\"font-family: Arial, serif;\"><b>El nostre casal tecnol\u00f2gic!! <\/b><\/span><\/span><\/p>\n<\/li>\n<li>\n<p lang=\"ca-ES\" align=\"justify\"><span style=\"font-family: Arial, serif;\">Com a complement a un curs d\u2019angl\u00e8s general.<\/span><\/p>\n<\/li>\n<li>\n<p lang=\"ca-ES\" align=\"justify\"><span style=\"font-family: Arial, serif;\">Basat en la idea de \u201c<\/span><span style=\"color: #00b050;\"><span style=\"font-family: Arial, serif;\"><b>Learning by doing<\/b><\/span><\/span><span style=\"font-family: Arial, serif;\">\u201d: Es fan projectes setmanals com ara programes de r\u00e0dio i televisi\u00f3, entrevistes, teatre, p\u00f2sters, revistes, can\u00e7ons i karaokes, presentacions amb PowerPoint, edici\u00f3 d\u2019imatges amb Photoshop, etc. <\/span><span style=\"color: #00b050;\"><span style=\"font-family: Arial, serif;\"><b>I<\/b><\/span><\/span><b> <\/b><span style=\"color: #00b050;\"><span style=\"font-family: Arial, serif;\"><b>tot all\u00f2 que els propis joves proposin i decideixin!!<\/b><\/span><\/span><\/p>\n<\/li>\n<li>\n<p lang=\"ca-ES\" align=\"justify\"><span style=\"font-family: Arial, serif;\">Amb l\u2019objectiu d\u2019incentivar un aprenentatge l\u00fadic, cooperatiu i divertit de l\u2019angl\u00e8s, fomentant l\u2019\u00fas de l\u2019angl\u00e8s com a llengua de comunicaci\u00f3 habitual.<\/span><\/p>\n<\/li>\n<li>\n<p lang=\"ca-ES\" align=\"justify\"><span style=\"font-family: Arial, serif;\">Per tal d\u2019afavorir que cada jove pugui tenir un progr\u00e9s ling\u00fc\u00edstic adequat a la seva edat i nivell de partida.<\/span><\/p>\n<\/li>\n<\/ul>\n<ul>\n<li>\n<p lang=\"ca-ES\" align=\"justify\"><span style=\"font-family: Arial, serif;\"><u><b>Serveis a empreses:<\/b><\/u><\/span><\/p>\n<\/li>\n<\/ul>\n<ul>\n<li>\n<p lang=\"ca-ES\" align=\"justify\"><span style=\"font-family: Arial, serif;\">Serveis de traducci\u00f3.<\/span><\/p>\n<\/li>\n<li>\n<p lang=\"ca-ES\" align=\"justify\"><span style=\"font-family: Arial, serif;\">Programaci\u00f3 adaptada a les necessitats de l\u2019empresa. Es parteix sempre d\u2019un <\/span><span style=\"color: #00b050;\"><span style=\"font-family: Arial, serif;\"><b>Needs Analysis<\/b><\/span><\/span> <span style=\"font-family: Arial, serif;\">(An\u00e0lisi de les necessitats de l\u2019empresa).<\/span><\/p>\n<\/li>\n<li>\n<p lang=\"ca-ES\" align=\"justify\"><span style=\"font-family: Arial, serif;\">Classes a l\u2019escola o a l\u2019empresa.<\/span><\/p>\n<\/li>\n<\/ul>\n<ul>\n<li>\n<p lang=\"ca-ES\" align=\"justify\"><span style=\"font-family: Arial, serif;\"><u><b>Classes particulars<\/b><\/u><\/span><\/p>\n<\/li>\n<\/ul>\n","protected":false},"excerpt":{"rendered":"<p>&nbsp; Cursos d\u2019angl\u00e8s general:\u00a0Apr\u00e8n angl\u00e8s!! Tots els alumnes han de fer un test per tal de poder-ne establir el nivell i trobar-li aix\u00ed el grup m\u00e9s adient. Es fa una avaluaci\u00f3 cont\u00ednua amb un seguiment individualitzat dels progressos de l\u2019alumne <a href=\"https:\/\/escoladangles.com\/?page_id=42\" class=\"read-more\">Leer m\u00e1s&#8230;<\/a><\/p>\n","protected":false},"author":1,"featured_media":0,"parent":0,"menu_order":0,"comment_status":"closed","ping_status":"closed","template":"","meta":[],"_links":{"self":[{"href":"https:\/\/escoladangles.com\/index.php?rest_route=\/wp\/v2\/pages\/42"}],"collection":[{"href":"https:\/\/escoladangles.com\/index.php?rest_route=\/wp\/v2\/pages"}],"about":[{"href":"https:\/\/escoladangles.com\/index.php?rest_route=\/wp\/v2\/types\/page"}],"author":[{"embeddable":true,"href":"https:\/\/escoladangles.com\/index.php?rest_route=\/wp\/v2\/users\/1"}],"replies":[{"embeddable":true,"href":"https:\/\/escoladangles.com\/index.php?rest_route=%2Fwp%2Fv2%2Fcomments&post=42"}],"version-history":[{"count":7,"href":"https:\/\/escoladangles.com\/index.php?rest_route=\/wp\/v2\/pages\/42\/revisions"}],"predecessor-version":[{"id":166,"href":"https:\/\/escoladangles.com\/index.php?rest_route=\/wp\/v2\/pages\/42\/revisions\/166"}],"wp:attachment":[{"href":"https:\/\/escoladangles.com\/index.php?rest_route=%2Fwp%2Fv2%2Fmedia&parent=42"}],"curies":[{"name":"wp","href":"https:\/\/api.w.org\/{rel}","templated":true}]}}