{"id":37,"date":"2017-03-28T16:16:12","date_gmt":"2017-03-28T16:16:12","guid":{"rendered":"http:\/\/escoladangles.com\/?page_id=37"},"modified":"2023-07-03T10:41:45","modified_gmt":"2023-07-03T10:41:45","slug":"qui-som-vine-a-coneixer-nos","status":"publish","type":"page","link":"https:\/\/escoladangles.com\/?page_id=37","title":{"rendered":"Qui som?"},"content":{"rendered":"<p class=\"western\" lang=\"ca-ES\" align=\"justify\"><span style=\"font-family: Arial, serif;\">A l\u2019Escola d\u2019Angl\u00e8s ens caracteritzem per la nostra vocaci\u00f3 per l\u2019ensenyament de l\u2019angl\u00e8s, situant sempre l\u2019alumnat al centre del seu proc\u00e9s d\u2019aprenentatge. Aix\u00ed, oferim als nostres estudiants tot un seguit <\/span><span style=\"color: #00b050;\"><span style=\"font-family: Arial, serif;\"><b>d\u2019activitats complement\u00e0ries<\/b><\/span><\/span> <span style=\"font-family: Arial, serif;\">per tal que cadascun d\u2019ells pugui assolir els seu propis <\/span><span style=\"color: #00b050;\"><span style=\"font-family: Arial, serif;\"><b>objectius<\/b><\/span><\/span> <span style=\"font-family: Arial, serif;\">i desenvolupar les seves <\/span><span style=\"color: #00b050;\"><span style=\"font-family: Arial, serif;\"><b>habilitats ling\u00fc\u00edstiques<\/b><\/span><\/span> <span style=\"font-family: Arial, serif;\">al seu propi ritme.<\/span><\/p>\n<p class=\"western\" lang=\"ca-ES\" align=\"justify\"><span style=\"font-family: Arial, serif;\">El nostre professorat est\u00e0 format per personal titulat i qualificat: Mestres especialitzats en llengua estrangera, fil\u00f2legs i traductors, tots amb una gran vocaci\u00f3 per l\u2019educaci\u00f3. A m\u00e9s, molts de nosaltres tenim una \u00e0mplia experi\u00e8ncia en la doc\u00e8ncia de l\u2019angl\u00e8s.<\/span><\/p>\n<p class=\"western\" lang=\"ca-ES\" align=\"justify\"><span style=\"font-family: Arial, serif;\">Tanmateix, l\u2019Escola t\u00e9 els seus propis protocols per assegurar la <\/span><span style=\"color: #00b050;\"><span style=\"font-family: Arial, serif;\"><b>m\u00e0xima qualitat<\/b><\/span><\/span> <span style=\"font-family: Arial, serif;\">de les classes: els professors fem reunions setmanals de seguiment de l\u2019alumnat i disposem d\u2019un gran nombre d\u2019hores no lectives, cosa que ens permet treballar en equip de forma habitual, tant en la preparaci\u00f3 de classes i disseny de material com en l\u2019an\u00e0lisi i seguiment del alumnes. Tamb\u00e9 fem observacions de classe per poder garantir que tots els mestres segueixen una mateixa metodologia i assistim a cursos\/confer\u00e8ncies de formaci\u00f3 continuada per estar sempre al corrent de les novetats en la doc\u00e8ncia de l\u2019angl\u00e8s.<\/span><\/p>\n<h2><span style=\"color: #339966;\"><strong>Qu\u00e8 ens diferencia?<\/strong><\/span><\/h2>\n<ul>\n<li><span style=\"color: #339966;\"><strong>35 anys progressant<\/strong><\/span> junts, ensenyant i aprenent dia rere dia.<\/li>\n<li><strong><span style=\"color: #339966;\">Ensenyament de qualitat des de 1988<\/span>. <\/strong>Els resultats en els ex\u00e0mens oficials ens avalen.<\/li>\n<li>Atenci\u00f3 a la <span style=\"color: #339966;\"><strong>diversitat<\/strong><\/span> de l\u2019alumnat. <span style=\"color: #339966;\"><strong>Flexibilitat<\/strong><\/span> \u2192 Ens adaptem a les necessitats de cada alumne, a les seves destreses i al seu estil d\u2019aprenentatge.<\/li>\n<li><span style=\"color: #339966;\"><strong>Vocaci\u00f3<\/strong><\/span> per l\u2019ensenyament<\/li>\n<li><span style=\"color: #339966;\"><strong>Professorat qualificat i amb experi\u00e8ncia<\/strong><\/span><\/li>\n<li>\u00c8mfasi en la <span style=\"color: #339966;\"><strong>comunicaci\u00f3<\/strong><\/span><\/li>\n<li>\u00das de t\u00e8cniques i tecnologies <span style=\"color: #339966;\"><strong>innovadores<\/strong><\/span> (per exemple amb <span style=\"color: #33cccc;\">projectors interactius<\/span> a cada aula i possibilitat de seguir la classe remotament a trav\u00e9s de <span style=\"color: #33cccc;\">ZOOM<\/span>) juntament amb metodologies m\u00e9s tradicionals, per\u00f2 posant sempre a l\u2019alumne al centre del proc\u00e9s d\u2019aprenentatge <span style=\"color: #339966;\"><strong>(\u201cLearner-centered\u201d<\/strong>)<\/span><\/li>\n<li>Gran nombre <span style=\"color: #339966;\"><strong>d\u2019activitats extra-curriculars<\/strong>:<\/span> \u201cTandems\u201d, contes, \u201cSchool Projects\u201d, \u201cCoffee and Talk\u201d, tallers de manualitats en angl\u00e8s, etc<\/li>\n<li>A partir de <span style=\"color: #339966;\"><strong>3 anys<\/strong><\/span> fins a <span style=\"color: #339966;\"><strong>adults<\/strong><\/span>, des de Beginner fins a <span style=\"color: #339966;\"><strong>Proficiency<\/strong><\/span> en un mateix centre.<\/li>\n<\/ul>\n","protected":false},"excerpt":{"rendered":"<p>A l\u2019Escola d\u2019Angl\u00e8s ens caracteritzem per la nostra vocaci\u00f3 per l\u2019ensenyament de l\u2019angl\u00e8s, situant sempre l\u2019alumnat al centre del seu proc\u00e9s d\u2019aprenentatge. Aix\u00ed, oferim als nostres estudiants tot un seguit d\u2019activitats complement\u00e0ries per tal que cadascun d\u2019ells pugui assolir els <a href=\"https:\/\/escoladangles.com\/?page_id=37\" class=\"read-more\">Leer m\u00e1s&#8230;<\/a><\/p>\n","protected":false},"author":2,"featured_media":0,"parent":0,"menu_order":0,"comment_status":"closed","ping_status":"closed","template":"","meta":[],"_links":{"self":[{"href":"https:\/\/escoladangles.com\/index.php?rest_route=\/wp\/v2\/pages\/37"}],"collection":[{"href":"https:\/\/escoladangles.com\/index.php?rest_route=\/wp\/v2\/pages"}],"about":[{"href":"https:\/\/escoladangles.com\/index.php?rest_route=\/wp\/v2\/types\/page"}],"author":[{"embeddable":true,"href":"https:\/\/escoladangles.com\/index.php?rest_route=\/wp\/v2\/users\/2"}],"replies":[{"embeddable":true,"href":"https:\/\/escoladangles.com\/index.php?rest_route=%2Fwp%2Fv2%2Fcomments&post=37"}],"version-history":[{"count":5,"href":"https:\/\/escoladangles.com\/index.php?rest_route=\/wp\/v2\/pages\/37\/revisions"}],"predecessor-version":[{"id":475,"href":"https:\/\/escoladangles.com\/index.php?rest_route=\/wp\/v2\/pages\/37\/revisions\/475"}],"wp:attachment":[{"href":"https:\/\/escoladangles.com\/index.php?rest_route=%2Fwp%2Fv2%2Fmedia&parent=37"}],"curies":[{"name":"wp","href":"https:\/\/api.w.org\/{rel}","templated":true}]}}