{"id":207,"date":"2017-05-26T09:03:03","date_gmt":"2017-05-26T09:03:03","guid":{"rendered":"http:\/\/escoladangles.com\/?page_id=207"},"modified":"2025-06-19T08:32:06","modified_gmt":"2025-06-19T08:32:06","slug":"noticies","status":"publish","type":"page","link":"https:\/\/escoladangles.com\/?page_id=207","title":{"rendered":"Not\u00edcies"},"content":{"rendered":"\n<p><\/p>\n\n\n\n<p class=\"has-green-background-color has-background\"><strong>MATR\u00cdCULA OBERTA PEL CURS CURS 2025\/2026<\/strong> !! <strong>T&#8217;esperem!<\/strong><\/p>\n\n\n\n<ul><li>Inici del curs 2025\/ 26: Dimecres 3 de setembre<\/li><li>Inici grup I3 &amp; I4:  Divendres, 3 d&#8217;octubre<\/li><li>Inici grups de manteniment:  Divendres, 3 d&#8217;octubre<\/li><\/ul>\n\n\n\n<p><strong>INFORMACI\u00d3 IMPORTANT CURS 2025\/26<\/strong><\/p>\n\n\n\n<ul><li>Per tal de poder adaptar-nos a les necessitats dels alumnes en cada moment, les <strong>aules <\/strong>han estat <strong>adaptades <\/strong>per poder fer les classes de manera <strong>presencial, online o h\u00edbrida<\/strong>.<\/li><li>Durant el curs 2025\/26 continuarem mantenint les nostres tradicionals activitats extra i gratu\u00eftes per promoure el desenvolupament de les destreses orals (els \u00ab<strong>t\u00e0ndems<\/strong>\u00ab, els \u00ab<strong>tale &amp; crafts<\/strong>\u00bb i els \u00ab<strong>coffee &amp; talk<\/strong>\u00ab). Aprofiteu-les! <\/li><li>De cara al proper curs 2025\/26, tenim previst mantenir la <strong>Homework Class<\/strong> i les <strong>Revision Sessions<\/strong> els divendres a la tarda.  Us hi esperem!!<\/li><li>Recordeu que tenim la nostra pr\u00f2pia Intranet, on trobareu informaci\u00f3 de les classes, calendari escolar, informes de seguiment, etc.  Seguiu aquest <a rel=\"noreferrer noopener\" href=\"https:\/\/escoladangles.acadesoft.com\/mant\/php\/alumnes-entrada.php\" data-type=\"URL\" data-id=\"https:\/\/escoladangles.acadesoft.com\/mant\/php\/alumnes-entrada.php\" target=\"_blank\">enlla\u00e7 <\/a>per accedir-hi!<\/li><\/ul>\n\n\n\n<p class=\"has-green-background-color has-background\"><strong>MATR\u00cdCULA OBERTA PELS CURSOS DE JULIOL 2025<\/strong><\/p>\n\n\n\n<ul><li>Cursos de consolidaci\u00f3 (per repassar els continguts treballats durant el curs per\u00f2 d&#8217;una manera m\u00e9s pr\u00e0ctica i, sobretot, m\u00e9s l\u00fadica).  Destinat a alumnes de Prim\u00e0ria i ESO.  3 hores\/ setmana.<\/li><li>Cursos semi-intensius (30 hores)<\/li><li>Cursos de preparaci\u00f3 per ex\u00e0mens de la Universitat de Cambridge (B2 &amp; C1) per tal d&#8217;estar preparat per examinar-se a finals de Juliol.<\/li><li>Grups de conversa per practicar les destreses orals i comunicatives.<\/li><\/ul>\n\n\n\n<p>Per a m\u00e9s informaci\u00f3, contacteu amb nosaltres telef\u00f2nicament, a trav\u00e9s de l&#8217;email o seguiu-nos a les nostres <strong>xarxes socials<\/strong>!<\/p>\n\n\n\n<p><\/p>\n\n\n\n<p><\/p>\n","protected":false},"excerpt":{"rendered":"<p>MATR\u00cdCULA OBERTA PEL CURS CURS 2025\/2026 !! T&#8217;esperem! Inici del curs 2025\/ 26: Dimecres 3 de setembre Inici grup I3 &amp; I4: Divendres, 3 d&#8217;octubre Inici grups de manteniment: Divendres, 3 d&#8217;octubre INFORMACI\u00d3 IMPORTANT CURS 2025\/26 Per tal de poder <a href=\"https:\/\/escoladangles.com\/?page_id=207\" class=\"read-more\">Leer m\u00e1s&#8230;<\/a><\/p>\n","protected":false},"author":3,"featured_media":0,"parent":0,"menu_order":0,"comment_status":"closed","ping_status":"closed","template":"","meta":[],"_links":{"self":[{"href":"https:\/\/escoladangles.com\/index.php?rest_route=\/wp\/v2\/pages\/207"}],"collection":[{"href":"https:\/\/escoladangles.com\/index.php?rest_route=\/wp\/v2\/pages"}],"about":[{"href":"https:\/\/escoladangles.com\/index.php?rest_route=\/wp\/v2\/types\/page"}],"author":[{"embeddable":true,"href":"https:\/\/escoladangles.com\/index.php?rest_route=\/wp\/v2\/users\/3"}],"replies":[{"embeddable":true,"href":"https:\/\/escoladangles.com\/index.php?rest_route=%2Fwp%2Fv2%2Fcomments&post=207"}],"version-history":[{"count":36,"href":"https:\/\/escoladangles.com\/index.php?rest_route=\/wp\/v2\/pages\/207\/revisions"}],"predecessor-version":[{"id":506,"href":"https:\/\/escoladangles.com\/index.php?rest_route=\/wp\/v2\/pages\/207\/revisions\/506"}],"wp:attachment":[{"href":"https:\/\/escoladangles.com\/index.php?rest_route=%2Fwp%2Fv2%2Fmedia&parent=207"}],"curies":[{"name":"wp","href":"https:\/\/api.w.org\/{rel}","templated":true}]}}